{"id":11171,"date":"2025-11-23T18:11:42","date_gmt":"2025-11-23T18:11:42","guid":{"rendered":"https:\/\/smtrgroup.com\/datenschutzerklaerung\/"},"modified":"2026-04-03T15:54:04","modified_gmt":"2026-04-03T15:54:04","slug":"datenschutzerklaerung","status":"publish","type":"page","link":"https:\/\/smtrgroup.com\/de\/datenschutzerklaerung\/","title":{"rendered":"Datenschutzerkl\u00e4rung"},"content":{"rendered":"\n<p>Die SMTR Group betreibt diesen Shop und diese Website, einschlie\u00dflich aller zugeh\u00f6rigen Informationen, Inhalte, Funktionen, Tools, Produkte und Dienstleistungen, um Ihnen, den Kunden, ein pers\u00f6nliches Einkaufserlebnis (&#8222;Services&#8220;) zu bieten. Die SMTR Group wird von Shopify betrieben, was es uns erm\u00f6glicht, Ihnen die Dienstleistungen anzubieten. Diese Datenschutzrichtlinie beschreibt, wie wir Ihre pers\u00f6nlichen Informationen sammeln, verwenden und teilen, wenn Sie die Dienste besuchen, nutzen oder einen Kauf oder eine andere Transaktion t\u00e4tigen oder anderweitig mit uns kommunizieren. Im Falle eines Konflikts zwischen unseren Nutzungsbedingungen und dieser Datenschutzrichtlinie regelt diese Datenschutzrichtlinie die Erhebung, Verarbeitung und Weitergabe Ihrer pers\u00f6nlichen Daten.   <\/p>\n\n<p>Bitte lesen Sie diese Datenschutzrichtlinie sorgf\u00e4ltig. Durch die Nutzung und Nutzung eines der Dienste best\u00e4tigen Sie, dass Sie diese Datenschutzrichtlinie gelesen haben und die Sammlung, Nutzung und Weitergabe Ihrer Informationen gem\u00e4\u00df dieser Datenschutzrichtlinie verstehen. <\/p>\n\n<h2 class=\"wp-block-heading\">Pers\u00f6nliche Informationen, die wir sammeln oder verarbeiten<\/h2>\n\n<p>Wenn wir den Begriff &#8222;pers\u00f6nliche Informationen&#8220; verwenden, meinen wir Informationen, die Sie oder eine andere Person identifizieren oder vern\u00fcnftigerweise mit Ihnen oder einer anderen Person in Verbindung gebracht werden k\u00f6nnen. Personenbezogene Daten umfassen keine Informationen, die anonym auf eine Weise gesammelt wurden, die Sie nicht identifiziert oder nicht vern\u00fcnftigerweise mit Ihnen in Verbindung gebracht werden kann oder die in einem personenbezogenen Teil verschleiert wurden. Je nachdem, wie Sie mit den Diensten interagieren, wo Sie wohnen und soweit dies geltendes Recht erlaubt oder erforderlich ist, k\u00f6nnen wir die folgenden Kategorien personenbezogener Daten erheben oder verarbeiten, einschlie\u00dflich Schlussfolgerungen aus Ihren pers\u00f6nlichen Daten:  <\/p>\n\n<ul class=\"wp-block-list\">\n<li><strong>Kontaktinformationen<\/strong> wie Ihr Name, Ihre Adresse, Rechnungsadresse, Versandadresse, Telefonnummer und E-Mail-Adresse.<\/li>\n\n\n\n<li><strong>Finanzielle Informationen wie Kreditkarten<\/strong> -, Debitkarten- und Finanzkontonummern, Zahlungskarteninformationen, Finanzkontoinformationen, Transaktionsdetails, Zahlungsmethode, Zahlungsbest\u00e4tigung und weitere Zahlungsdetails.<\/li>\n\n\n\n<li><strong>Kontoinformationen<\/strong> wie Benutzername, Passwort, Sicherheitsfragen, Einstellungen und Einstellungen.<\/li>\n\n\n\n<li><strong>Transaktionsinformationen<\/strong> , zum Beispiel, Artikel, die du in den Warenkorb gelegt, auf Wunschlisten gesetzt, gekauft, zur\u00fcckgegeben, eingetauscht oder storniert hast, sowie deine bisherigen Transaktionen.<\/li>\n\n\n\n<li><strong>Ihre Kommunikation mit uns<\/strong> , zum Beispiel Informationen, die Sie bei der Einreichung einer Kundensupportanfrage mit uns teilen.<\/li>\n\n\n\n<li><strong>Ger\u00e4teinformationen<\/strong> , zum Beispiel Informationen \u00fcber Ihr Ger\u00e4t, Ihren Browser oder Ihre Netzwerkverbindung, IP-Adresse und andere eindeutige Identifikatoren.<\/li>\n\n\n\n<li><strong>Nutzungsinformationen<\/strong> , zum Beispiel Informationen \u00fcber Ihre Interaktion mit den Diensten, wie zum Beispiel wann und wie Sie mit den Diensten interagieren oder sie navigieren.<\/li>\n<\/ul>\n\n<h2 class=\"wp-block-heading\">Pers\u00f6nliche Informationsquellen<\/h2>\n\n<p>Wir k\u00f6nnen pers\u00f6nliche Informationen aus folgenden Quellen sammeln:<\/p>\n\n<ul class=\"wp-block-list\">\n<li><strong>Wir erhalten Informationen direkt von Ihnen<\/strong> , zum Beispiel wenn Sie ein Konto erstellen, die Dienste besuchen oder nutzen, uns kontaktieren oder uns auf andere Weise pers\u00f6nliche Informationen bereitstellen;<\/li>\n\n\n\n<li><strong>Automatisch \u00fcber die Dienste<\/strong> , zum Beispiel von Ihrem Ger\u00e4t aus, wenn Sie unsere Produkte oder Dienstleistungen nutzen oder unsere Websites besuchen, sowie durch die Verwendung von Cookies und \u00e4hnlichen Technologien;<\/li>\n\n\n\n<li>Zum Beispiel, <strong>wenn wir unsere Dienstleister<\/strong> nutzen, um bestimmte Technologien bereitzustellen, oder wenn sie Ihre pers\u00f6nlichen Daten in unserem Namen sammeln oder verarbeiten;<\/li>\n\n\n\n<li><strong>Von unseren Gesch\u00e4ftspartnern oder anderen Dritten.<\/strong><\/li>\n<\/ul>\n\n<h2 class=\"wp-block-heading\">Wie wir Ihre pers\u00f6nlichen Daten verwenden<\/h2>\n\n<p>Je nachdem, wie Sie mit uns interagieren oder welche der Dienste Sie nutzen, k\u00f6nnen wir Ihre pers\u00f6nlichen Daten f\u00fcr folgende Zwecke verwenden:<\/p>\n\n<ul class=\"wp-block-list\">\n<li><strong>Bieten Sie an, personalisieren und verbessern Sie die Dienstleistungen.<\/strong>  Um ein personalisiertes Einkaufserlebnis zu schaffen, wie zum Beispiel unseren Vertrag mit Ihnen zu erf\u00fcllen, Ihre Zahlungen abzuwickeln, Ihre Bestellungen zu erf\u00fcllen, Ihre Pr\u00e4ferenzen und Produkte zu merken, Benachrichtigungen \u00fcber Ihr Konto zu senden, Ihre Eink\u00e4ufe, R\u00fcckgaben, Umtauschungen oder andere Transaktionen zu bearbeiten, Ihr Konto zu erstellen, zu pflegen und zu verwalten, den Versand zu organisieren, R\u00fccksendungen und Umtausch zu erleichtern, Bewertungen zu teilen und ein personalisiertes Einkaufserlebnis zu schaffen, wie Produktempfehlungen basierend auf Ihren K\u00e4ufen Wir nutzen Ihre pers\u00f6nlichen Daten, um. Dies kann auch die Nutzung Ihrer pers\u00f6nlichen Daten umfassen, um die Dienste besser zu personalisieren und zu verbessern. <\/li>\n\n\n\n<li><strong>Marketing  Werbung.<\/strong>  Wir verwenden Ihre pers\u00f6nlichen Daten zu Marketing- und Werbezwecken (zum Beispiel um Ihnen Marketing-, Werbe- und Werbekommunikationen per E-Mail, SMS oder Post zu senden) und um Ihnen Online-Werbung f\u00fcr Produkte oder Dienstleistungen auf den Diensten oder anderen Webseiten zu zeigen, basierend auf Ihren vorherigen Eink\u00e4ufen oder Erg\u00e4nzungen in Ihrem Warenkorb sowie weiteren Aktivit\u00e4ten auf den Diensten.<\/li>\n\n\n\n<li><strong>Sicherheit und Betrugspr\u00e4vention.<\/strong>  Wir verwenden Ihre pers\u00f6nlichen Daten, um Ihr Konto zu verifizieren, ein sicheres Zahlungs- und Einkaufserlebnis zu gew\u00e4hrleisten, potenziell betr\u00fcgerische, illegale, gef\u00e4hrliche oder b\u00f6swillige Aktivit\u00e4ten zu erkennen, zu untersuchen oder Ma\u00dfnahmen zu ergreifen, die \u00f6ffentliche Sicherheit zu sch\u00fctzen und die Sicherheit unserer Dienstleistungen zu gew\u00e4hrleisten. Wenn Sie sich entscheiden, die Dienste zu nutzen und sich f\u00fcr ein Konto zu registrieren, sind Sie f\u00fcr die Sicherheit der Zugangsdaten Ihres Kontos verantwortlich. Wir empfehlen dringend, dass Sie Ihren Benutzernamen, Ihr Passwort oder andere Zugangsinformationen nicht mit anderen teilen.  <\/li>\n\n\n\n<li><strong>Mit dir kommunizieren.<\/strong>  Wir nutzen Ihre pers\u00f6nlichen Daten, um Ihnen Kundensupport zu bieten, schnell zu reagieren, effektive Dienstleistungen anzubieten und unsere Gesch\u00e4ftsbeziehung zu Ihnen aufrechtzuerhalten.<\/li>\n\n\n\n<li><strong>Rechtliche Gr\u00fcnde.<\/strong>  Wir verwenden Ihre pers\u00f6nlichen Daten, um die geltenden Gesetze zu erf\u00fcllen oder auf g\u00fcltige rechtliche Verfahren zu reagieren, einschlie\u00dflich Anfragen von Strafverfolgungsbeh\u00f6rden oder Regierungsbeh\u00f6rden, um rechtliche Beweiserhebungsverfahren zu pr\u00fcfen oder daran teilzunehmen, potenzielle oder aktuelle Rechtsstreitigkeiten oder andere Rechtsstreitigkeiten durchzuf\u00fchren und m\u00f6gliche Verst\u00f6\u00dfe gegen unsere Bedingungen oder Richtlinien zu untersuchen oder durchzusetzen.<\/li>\n<\/ul>\n\n<h2 class=\"wp-block-heading\">Wie wir Ihre pers\u00f6nlichen Daten teilen<\/h2>\n\n<p>Unter bestimmten Umst\u00e4nden k\u00f6nnen wir Ihre pers\u00f6nlichen Daten zu legitimen Zwecken an Dritte weitergeben, vorbehaltlich dieser Datenschutzrichtlinie. Beispiele f\u00fcr diese Situationen sind: <\/p>\n\n<ul class=\"wp-block-list\">\n<li>Wir teilen Informationen mit anderen Drittanbietern, Shopify und H\u00e4ndlern, die Dienstleistungen in unserem Namen erbringen (z. B. Informationstechnologiemanagement, Zahlungsabwicklung, Datenanalyse, Kundensupport, Cloud-Speicherung, Versand und Versanddienst).<\/li>\n\n\n\n<li>Wir teilen Informationen mit unseren Gesch\u00e4fts- und Marketingpartnern, um Ihnen Marketingdienstleistungen und Werbung anzubieten. Zum Beispiel nutzen wir Shopify, um personalisierte Anzeigen mit Drittanbieterdiensten zu erg\u00e4nzen, basierend auf Ihren Online-Aktivit\u00e4ten bei verschiedenen H\u00e4ndlern und Websites. Unsere Gesch\u00e4fts- und Marketingpartner werden Ihre Informationen gem\u00e4\u00df ihren eigenen Datenschutzbestimmungen verwenden. Je nachdem, wo Sie wohnen, haben Sie m\u00f6glicherweise das Recht, zu verlangen, dass Informationen \u00fcber Sie nicht f\u00fcr gezielte Werbung und Marketingpr\u00e4sentation auf Basis Ihrer Online-Aktivit\u00e4ten bei verschiedenen H\u00e4ndlern und Websites geteilt werden.   <\/li>\n\n\n\n<li>Wenn Sie Anweisungen geben, anfragen oder mit Ihrer ausdr\u00fccklichen Zustimmung zustimmen, werden bestimmte Informationen mit Dritten geteilt; Zum Beispiel das Teilen von Informationen, um Ihnen Produkte zu senden, oder wenn Sie Social-Media-Widgets oder Login-Integrationen verwenden.<\/li>\n\n\n\n<li>Informationen mit unseren Vertriebspartnern oder anderen Einheiten innerhalb unserer Unternehmensgruppe zu teilen.<\/li>\n\n\n\n<li>Das Teilen von Informationen im Zusammenhang mit Gesch\u00e4ftstransaktionen, wie Fusionen oder Insolvenzen, zum Zweck der Einhaltung der geltenden gesetzlichen Verpflichtungen (einschlie\u00dflich der Reaktion auf Vorladungen, Durchsuchungsbefehle und \u00e4hnliche Anfragen), der Durchsetzung der geltenden Nutzungsbedingungen oder Richtlinien sowie dem Schutz oder der Verteidigung der Dienste, unserer Rechte und der Rechte unserer Nutzer oder anderer.<\/li>\n<\/ul>\n\n<h2 class=\"wp-block-heading\">Beziehung zu Shopify<\/h2>\n\n<p>Die Dienste werden von Shopify gehostet und sammeln und verarbeiten pers\u00f6nliche Informationen \u00fcber Ihren Zugang zu und die Nutzung der Dienste, um Ihnen die Dienste bereitzustellen und zu verbessern. Die Informationen, die Sie den Diensten zur Verf\u00fcgung stellen, werden an Shopify und Dritte au\u00dferhalb Ihres Wohnsitzlandes \u00fcbertragen und mit ihnen weitergegeben, um Ihnen die Dienste bereitzustellen und zu verbessern. Wir nutzen au\u00dferdem einige fortschrittliche Shopify-Funktionen, die Daten und Informationen aus Ihren Interaktionen mit unserem Store, anderen H\u00e4ndlern und Shopify nutzen, um unser Gesch\u00e4ft zu sch\u00fctzen, zu vergr\u00f6\u00dfern und zu verbessern. Um diese erweiterten Funktionen bereitzustellen, kann Shopify pers\u00f6nliche Informationen verwenden, die \u00fcber Ihre Interaktionen mit unserem Shop, anderen H\u00e4ndlern und Shopify gesammelt wurden. In diesen F\u00e4llen ist Shopify daf\u00fcr verantwortlich, Ihre pers\u00f6nlichen Daten zu verarbeiten und auf Ihre Anfragen zur Aus\u00fcbung Ihrer Rechte bez\u00fcglich der Nutzung zu diesen Zwecken zu reagieren. Weitere Informationen dar\u00fcber, wie Shopify Ihre pers\u00f6nlichen Daten nutzt und welche Rechte Sie haben, finden Sie unter Shopify <a href=\"https:\/\/www.shopify.com\/legal\/privacy\/app-users\" target=\"_blank\" rel=\"noopener\">Shopify-Datenschutzrichtlinie f\u00fcr Verbraucher<\/a> . Je nachdem, wo Sie wohnen, k\u00f6nnen Sie m\u00f6glicherweise bestimmte Rechte bez\u00fcglich Ihrer pers\u00f6nlichen Daten \u00fcber <a href=\"https:\/\/privacy.shopify.com\/en\" target=\"_blank\" rel=\"noopener\">den Shopify Privacy Portal Link<\/a> aus\u00fcben.      <\/p>\n\n<h2 class=\"wp-block-heading\">Drittanbieter-Websites und Links<\/h2>\n\n<p>Die Dienste k\u00f6nnen Links zu von Dritten betriebenen Websites oder anderen Online-Plattformen enthalten. Wenn Sie Links zu Seiten folgen, die nicht mit uns verbunden sind oder unter unserer Kontrolle stehen, sollten Sie die Datenschutz- und Sicherheitsrichtlinien sowie weitere Bedingungen dieser Seiten pr\u00fcfen. Wir \u00fcbernehmen keine Garantie und keine Verantwortung f\u00fcr die Privatsph\u00e4re oder Sicherheit solcher Seiten, einschlie\u00dflich der Genauigkeit, Vollst\u00e4ndigkeit oder Zuverl\u00e4ssigkeit der auf diesen Seiten enthaltenen Informationen. Informationen, die Sie in \u00f6ffentlichen oder halb\u00f6ffentlichen Bereichen bereitstellen, einschlie\u00dflich Informationen, die Sie auf Drittanbieter-Social-Media-Plattformen teilen, k\u00f6nnen auch f\u00fcr andere Nutzer der Dienste und\/oder Nutzer solcher Drittanbieterplattformen sichtbar sein und uns oder Dritten ohne Einschr\u00e4nkung zug\u00e4nglich gemacht werden. Die Aufnahme solcher Links in den Diensten impliziert keine Billigung der Inhalte der verklinkten Plattformen oder der Eigent\u00fcmer oder Betreiber dieser Plattformen, sofern in den Diensten nicht ausdr\u00fccklich anders angegeben.    <\/p>\n\n<h2 class=\"wp-block-heading\">Kinderdaten<\/h2>\n\n<p>Die Dienste sind nicht f\u00fcr Kinder bestimmt, und wir sammeln wissentlich keine pers\u00f6nlichen Informationen von Kindern unter dem gesetzlichen Vollj\u00e4hrigkeitsalter in der Gerichtsbarkeit, in der Sie leben. Wenn Sie glauben, dass Ihr Kind uns pers\u00f6nliche Informationen gegeben hat, k\u00f6nnen Sie uns \u00fcber die unten angegebenen Kontaktinformationen kontaktieren, um die L\u00f6schung dieser Informationen zu beantragen. Zum Inkrafttreten dieser Datenschutzrichtlinie haben wir keine tats\u00e4chliche Kenntnis davon, dass wir personenbezogene Daten von Personen unter 16 Jahren gem\u00e4\u00df geltendem Recht &#8222;teilen&#8220; oder &#8222;verkaufen&#8220;.  <\/p>\n\n<h2 class=\"wp-block-heading\">Sicherheit und Speicherung Ihrer Informationen<\/h2>\n\n<p>Bitte beachten Sie, dass keine Sicherheitsma\u00dfnahmen narrensicher oder undurchdringlich sind und wir keine &#8222;perfekte Sicherheit&#8220; garantieren k\u00f6nnen. Au\u00dferdem sind die Informationen, die Sie uns geben, w\u00e4hrend des \u00dcbertragungsprozesses m\u00f6glicherweise nicht sicher. Daher empfehlen wir, keine ungesicherten Kommunikationskan\u00e4le zu nutzen, um sensible oder vertrauliche Informationen an uns zu \u00fcbermitteln.  <\/p>\n\n<p>Wie lange Ihre pers\u00f6nlichen Daten aufbewahrt werden; H\u00e4ngt von verschiedenen Faktoren ab, unter anderem, ob wir diese Informationen ben\u00f6tigen, um Ihr Konto zu pflegen, Ihnen die Dienstleistungen bereitzustellen, rechtliche Verpflichtungen zu erf\u00fcllen, Streitigkeiten beizulegen oder andere anwendbare Vereinbarungen und Richtlinien durchzusetzen.<\/p>\n\n<h2 class=\"wp-block-heading\">Ihre Rechte und Entscheidungen<\/h2>\n\n<p>Je nachdem, wo Sie wohnen, k\u00f6nnen Sie alle oder einige der unten aufgef\u00fchrten Rechte in Bezug auf Ihre pers\u00f6nlichen Daten haben. Diese Rechte sind jedoch nicht absolut und k\u00f6nnen in manchen F\u00e4llen gelten, und wir k\u00f6nnen Ihren Antrag gegebenenfalls ablehnen, sofern es gesetzlich erlaubt ist. <\/p>\n\n<ul class=\"wp-block-list\">\n<li><strong>Recht auf Zugriff\/Informationen.<\/strong>  Sie haben m\u00f6glicherweise das Recht, Zugang zu den pers\u00f6nlichen Informationen zu beantragen, die wir \u00fcber Sie besitzen.<\/li>\n\n\n\n<li><strong>Recht auf Ausl\u00f6schung.<\/strong>  Sie haben m\u00f6glicherweise das Recht, die L\u00f6schung der pers\u00f6nlichen Informationen, die wir \u00fcber Sie speichern, zu beantragen.<\/li>\n\n\n\n<li><strong>Recht auf Korrektur.<\/strong>  Sie haben m\u00f6glicherweise das Recht, eine Korrektur Ihrer ungenauen pers\u00f6nlichen Daten zu beantragen.<\/li>\n\n\n\n<li><strong>Recht auf Datenportabilit\u00e4t.<\/strong>  Sie haben m\u00f6glicherweise das Recht, eine Kopie der pers\u00f6nlichen Informationen zu erhalten, die wir \u00fcber Sie halten, und zu beantragen, dass diese Kopie unter bestimmten Umst\u00e4nden und Ausnahmen an Dritte \u00fcbertragen wird.<\/li>\n\n\n\n<li><strong>Management der Kommunikationspr\u00e4ferenzen.<\/strong>  Wir k\u00f6nnen Ihnen Werbe-E-Mails schicken, und Sie k\u00f6nnen sich jederzeit \u00fcber die Option &#8222;Abmelden&#8220; in diesen E-Mails abmelden. Wenn Sie sich abmelden, senden wir Ihnen m\u00f6glicherweise weiterhin nicht-promotative E-Mails, wie etwa E-Mails, die sich auf Ihr Konto oder Ihre Bestellungen beziehen. <\/li>\n<\/ul>\n\n<p>Sie k\u00f6nnen diese Rechte an den in den Diensten angegebenen Punkten aus\u00fcben oder uns \u00fcber die unten angegebenen Kontaktinformationen kontaktieren. Um mehr dar\u00fcber zu erfahren, wie Shopify Ihre pers\u00f6nlichen Daten nutzt und welche anderen Rechte Sie haben, besuchen Sie https:\/\/privacy.shopify.com\/en. <\/p>\n\n<p>Wir diskriminieren Sie nicht wegen der Aus\u00fcbung dieser Rechte. Soweit dies nach geltendem Recht erlaubt oder vorgeschrieben ist, m\u00fcssen wir m\u00f6glicherweise Ihre Identit\u00e4t \u00fcberpr\u00fcfen, bevor wir Ihre Anfragen bearbeiten. Gem\u00e4\u00df geltendem Recht k\u00f6nnen Sie einen bevollm\u00e4chtigten Vertreter benennen, der in Ihrem Namen einen Antrag stellen kann, Ihre Rechte auszu\u00fcben. Bevor wir eine solche Anfrage des Agenten annehmen, verlangen wir, dass er uns seine Befugnis nachweist, in Ihrem Namen zu handeln, und Sie m\u00fcssen m\u00f6glicherweise Ihre Identit\u00e4t direkt bei uns \u00fcberpr\u00fcfen. Wir werden Ihre Anfrage innerhalb eines angemessenen Zeitrahmens gem\u00e4\u00df geltendem Recht beantworten.    <\/p>\n\n<h2 class=\"wp-block-heading\">Beschwerden<\/h2>\n\n<p>Wenn Sie eine Beschwerde \u00fcber die Art und Weise haben, wie Ihre pers\u00f6nlichen Daten verarbeitet werden, kontaktieren Sie uns bitte \u00fcber die unten angegebenen Kontaktdaten. Je nachdem, wo Sie wohnen, haben Sie m\u00f6glicherweise das Recht, gegen unsere Entscheidung Widerspruch einzulegen oder eine Beschwerde bei Ihrer \u00f6rtlichen Datenschutzbeh\u00f6rde einzureichen, indem Sie uns \u00fcber die unten aufgef\u00fchrten Kontaktdaten kontaktieren. <\/p>\n\n<h2 class=\"wp-block-heading\">Internationale Transfers<\/h2>\n\n<p>Bitte beachten Sie, dass wir Ihre pers\u00f6nlichen Daten au\u00dferhalb Ihres Wohnsitzlandes \u00fcbertragen, speichern und verarbeiten k\u00f6nnen.<\/p>\n\n<p>Wenn wir Ihre pers\u00f6nlichen Daten au\u00dferhalb des Europ\u00e4ischen Wirtschaftsraums oder des Vereinigten K\u00f6nigreichs \u00fcbertragen, verlassen wir uns auf anerkannte \u00dcbertragungsmechanismen wie die Standardvertragsklauseln der Europ\u00e4ischen Kommission oder gleichwertige Vertr\u00e4ge der zust\u00e4ndigen britischen Beh\u00f6rde, sofern die Daten nicht an ein Land \u00fcbertragen werden, das als ausreichend gesch\u00fctzt angesehen wurde.<\/p>\n\n<h2 class=\"wp-block-heading\">\u00c4nderungen an dieser Datenschutzrichtlinie<\/h2>\n\n<p>Wir k\u00f6nnen diese Datenschutzrichtlinie von Zeit zu Zeit aktualisieren, um \u00c4nderungen in unseren Praktiken oder aus anderen betrieblichen, rechtlichen oder regulatorischen Gr\u00fcnden widerzuspiegeln. Wir ver\u00f6ffentlichen die \u00fcberarbeitete Datenschutzrichtlinie auf dieser Website, aktualisieren das Datum &#8222;Zuletzt aktualisiert&#8220; und geben die erforderlichen Hinweise gem\u00e4\u00df geltendem Recht. <\/p>\n\n<h2 class=\"wp-block-heading\">Kontaktieren Sie jetzt<\/h2>\n\n<p>Wenn Sie Fragen zu unseren Datenschutzpraktiken oder dieser Datenschutzrichtlinie haben oder ein Recht aus\u00fcben m\u00f6chten, rufen Sie bitte info@smtrgroup.com an, schreiben Sie eine E-Mail an oder kontaktieren Sie uns unter Buyruk Soka\u011f\u0131 Nr.: 19\/2, \u0130stanbul, 34776, TR.<\/p>\n","protected":false},"excerpt":{"rendered":"<p>Die SMTR Group betreibt diesen Shop und diese Website, einschlie\u00dflich aller zugeh\u00f6rigen Informationen, Inhalte, Funktionen, Tools, Produkte und Dienstleistungen, um Ihnen, den Kunden, ein pers\u00f6nliches Einkaufserlebnis (&#8222;Services&#8220;) zu bieten. Die SMTR Group wird von Shopify betrieben, was es uns erm\u00f6glicht, Ihnen die Dienstleistungen anzubieten. Diese Datenschutzrichtlinie beschreibt, wie wir Ihre pers\u00f6nlichen Informationen sammeln, verwenden und [&hellip;]<\/p>\n","protected":false},"author":1,"featured_media":0,"parent":0,"menu_order":0,"comment_status":"closed","ping_status":"open","template":"","meta":{"inline_featured_image":false,"footnotes":""},"class_list":["post-11171","page","type-page","status-publish","hentry"],"_hostinger_reach_plugin_has_subscription_block":false,"_hostinger_reach_plugin_is_elementor":false,"_links":{"self":[{"href":"https:\/\/smtrgroup.com\/de\/wp-json\/wp\/v2\/pages\/11171","targetHints":{"allow":["GET"]}}],"collection":[{"href":"https:\/\/smtrgroup.com\/de\/wp-json\/wp\/v2\/pages"}],"about":[{"href":"https:\/\/smtrgroup.com\/de\/wp-json\/wp\/v2\/types\/page"}],"author":[{"embeddable":true,"href":"https:\/\/smtrgroup.com\/de\/wp-json\/wp\/v2\/users\/1"}],"replies":[{"embeddable":true,"href":"https:\/\/smtrgroup.com\/de\/wp-json\/wp\/v2\/comments?post=11171"}],"version-history":[{"count":1,"href":"https:\/\/smtrgroup.com\/de\/wp-json\/wp\/v2\/pages\/11171\/revisions"}],"predecessor-version":[{"id":11186,"href":"https:\/\/smtrgroup.com\/de\/wp-json\/wp\/v2\/pages\/11171\/revisions\/11186"}],"wp:attachment":[{"href":"https:\/\/smtrgroup.com\/de\/wp-json\/wp\/v2\/media?parent=11171"}],"curies":[{"name":"wp","href":"https:\/\/api.w.org\/{rel}","templated":true}]}}